{"id":2965,"date":"2023-03-26T14:41:09","date_gmt":"2023-03-26T14:41:09","guid":{"rendered":"https:\/\/www.fistulaprotect.com\/?page_id=2965"},"modified":"2024-07-15T14:37:04","modified_gmt":"2024-07-15T14:37:04","slug":"store","status":"publish","type":"page","link":"https:\/\/www.fistulaprotect.com\/de\/store\/","title":{"rendered":"Shop"},"content":{"rendered":"<div data-elementor-type=\"wp-page\" data-elementor-id=\"2965\" class=\"elementor elementor-2965\" data-elementor-post-type=\"page\">\n\t\t\t\t\t\t\t\t\t<section class=\"elementor-section elementor-top-section elementor-element elementor-element-3d022ee elementor-section-boxed elementor-section-height-default elementor-section-height-default\" data-id=\"3d022ee\" data-element_type=\"section\">\n\t\t\t\t\t\t<div class=\"elementor-container elementor-column-gap-default\">\n\t\t\t\t\t<div class=\"elementor-column elementor-col-100 elementor-top-column elementor-element elementor-element-93aa8cb\" data-id=\"93aa8cb\" data-element_type=\"column\">\n\t\t\t<div class=\"elementor-widget-wrap\">\n\t\t\t\t\t\t\t\t\t<\/div>\n\t\t<\/div>\n\t\t\t\t\t\t\t<\/div>\n\t\t<\/section>\n\t\t\t\t<section class=\"elementor-section elementor-top-section elementor-element elementor-element-3488418 elementor-section-height-min-height elementor-section-items-top elementor-section-boxed elementor-section-height-default\" data-id=\"3488418\" data-element_type=\"section\" data-no-translation=\"\">\n\t\t\t\t\t\t<div class=\"elementor-container elementor-column-gap-default\">\n\t\t\t\t\t<div class=\"elementor-column elementor-col-33 elementor-top-column elementor-element elementor-element-7c6ba2c\" data-id=\"7c6ba2c\" data-element_type=\"column\">\n\t\t\t<div class=\"elementor-widget-wrap elementor-element-populated\">\n\t\t\t\t\t\t\t\t<section class=\"elementor-section elementor-inner-section elementor-element elementor-element-62b61e5 elementor-section-boxed elementor-section-height-default elementor-section-height-default\" data-id=\"62b61e5\" data-element_type=\"section\" data-settings=\"{&quot;background_background&quot;:&quot;classic&quot;}\">\n\t\t\t\t\t\t<div class=\"elementor-container elementor-column-gap-default\">\n\t\t\t\t\t<div data-ep-wrapper-link=\"{&quot;url&quot;:&quot;https:\\\/\\\/www.fistulaprotect.com\\\/de\\\/neu-angelegten-shunt\\\/&quot;,&quot;is_external&quot;:&quot;&quot;,&quot;nofollow&quot;:&quot;&quot;,&quot;custom_attributes&quot;:&quot;&quot;}\" style=\"cursor: pointer\" class=\"bdt-element-link elementor-column elementor-col-100 elementor-inner-column elementor-element elementor-element-05f30c3\" data-id=\"05f30c3\" data-element_type=\"column\">\n\t\t\t<div class=\"elementor-widget-wrap elementor-element-populated\">\n\t\t\t\t\t\t\t\t<div class=\"elementor-element elementor-element-314396a elementor-widget elementor-widget-image\" data-id=\"314396a\" data-element_type=\"widget\" data-widget_type=\"image.default\">\n\t\t\t\t<div class=\"elementor-widget-container\">\n\t\t\t\t\t\t\t\t\t\t\t\t\t\t\t<img fetchpriority=\"high\" decoding=\"async\" width=\"500\" height=\"502\" src=\"https:\/\/www.fistulaprotect.com\/wp-content\/uploads\/2023\/03\/roka-2.png\" class=\"attachment-large size-large wp-image-2781\" alt=\"\" srcset=\"https:\/\/www.fistulaprotect.com\/wp-content\/uploads\/2023\/03\/roka-2.png 500w, https:\/\/www.fistulaprotect.com\/wp-content\/uploads\/2023\/03\/roka-2-300x300.png 300w, https:\/\/www.fistulaprotect.com\/wp-content\/uploads\/2023\/03\/roka-2-150x150.png 150w, https:\/\/www.fistulaprotect.com\/wp-content\/uploads\/2023\/03\/roka-2-12x12.png 12w, https:\/\/www.fistulaprotect.com\/wp-content\/uploads\/2023\/03\/roka-2-100x100.png 100w\" sizes=\"(max-width: 500px) 100vw, 500px\" \/>\t\t\t\t\t\t\t\t\t\t\t\t\t\t\t<\/div>\n\t\t\t\t<\/div>\n\t\t\t\t<div class=\"elementor-element elementor-element-ab4bc93 elementor-widget elementor-widget-heading\" data-id=\"ab4bc93\" data-element_type=\"widget\" data-widget_type=\"heading.default\">\n\t\t\t\t<div class=\"elementor-widget-container\">\n\t\t\t<h2 class=\"elementor-heading-title elementor-size-default\">AV ShuntProtektor f\u00fcr einen neu angelegten Shunt<\/h2>\t\t<\/div>\n\t\t\t\t<\/div>\n\t\t\t\t<div class=\"elementor-element elementor-element-bd3dba4 hide_content elementor-widget elementor-widget-text-editor\" data-id=\"bd3dba4\" data-element_type=\"widget\" data-widget_type=\"text-editor.default\">\n\t\t\t\t<div class=\"elementor-widget-container\">\n\t\t\t\t\t\t\t<p>Dieser Protektor wurde f\u00fcr die Patienten entwickelt, die seit mehreren Jahren einen Shunt (AV-Fistel) mit entwickelten Aneurysmen, GR\u00d6SSER ALS 1 CM, haben.<\/p>\t\t\t\t\t\t<\/div>\n\t\t\t\t<\/div>\n\t\t\t\t\t<\/div>\n\t\t<\/div>\n\t\t\t\t\t\t\t<\/div>\n\t\t<\/section>\n\t\t\t\t\t<\/div>\n\t\t<\/div>\n\t\t\t\t<div class=\"elementor-column elementor-col-33 elementor-top-column elementor-element elementor-element-bccaf75\" data-id=\"bccaf75\" data-element_type=\"column\">\n\t\t\t<div class=\"elementor-widget-wrap elementor-element-populated\">\n\t\t\t\t\t\t\t\t<section class=\"elementor-section elementor-inner-section elementor-element elementor-element-824f070 elementor-section-boxed elementor-section-height-default elementor-section-height-default\" data-id=\"824f070\" data-element_type=\"section\" data-settings=\"{&quot;background_background&quot;:&quot;classic&quot;}\">\n\t\t\t\t\t\t<div class=\"elementor-container elementor-column-gap-default\">\n\t\t\t\t\t<div data-ep-wrapper-link=\"{&quot;url&quot;:&quot;https:\\\/\\\/www.fistulaprotect.com\\\/de\\\/vorhandenen-shunt\\\/&quot;,&quot;is_external&quot;:&quot;&quot;,&quot;nofollow&quot;:&quot;&quot;,&quot;custom_attributes&quot;:&quot;&quot;}\" style=\"cursor: pointer\" class=\"bdt-element-link elementor-column elementor-col-100 elementor-inner-column elementor-element elementor-element-274ec63\" data-id=\"274ec63\" data-element_type=\"column\">\n\t\t\t<div class=\"elementor-widget-wrap elementor-element-populated\">\n\t\t\t\t\t\t\t\t<div class=\"elementor-element elementor-element-42d507c elementor-widget elementor-widget-image\" data-id=\"42d507c\" data-element_type=\"widget\" data-widget_type=\"image.default\">\n\t\t\t\t<div class=\"elementor-widget-container\">\n\t\t\t\t\t\t\t\t\t\t\t\t\t\t\t<img decoding=\"async\" width=\"700\" height=\"700\" src=\"https:\/\/www.fistulaprotect.com\/wp-content\/uploads\/2022\/03\/IMG_7590-e1647957617536.jpg\" class=\"attachment-large size-large wp-image-1165\" alt=\"\" srcset=\"https:\/\/www.fistulaprotect.com\/wp-content\/uploads\/2022\/03\/IMG_7590-e1647957617536.jpg 700w, https:\/\/www.fistulaprotect.com\/wp-content\/uploads\/2022\/03\/IMG_7590-e1647957617536-300x300.jpg 300w, https:\/\/www.fistulaprotect.com\/wp-content\/uploads\/2022\/03\/IMG_7590-e1647957617536-100x100.jpg 100w, https:\/\/www.fistulaprotect.com\/wp-content\/uploads\/2022\/03\/IMG_7590-e1647957617536-600x600.jpg 600w, https:\/\/www.fistulaprotect.com\/wp-content\/uploads\/2022\/03\/IMG_7590-e1647957617536-150x150.jpg 150w\" sizes=\"(max-width: 700px) 100vw, 700px\" \/>\t\t\t\t\t\t\t\t\t\t\t\t\t\t\t<\/div>\n\t\t\t\t<\/div>\n\t\t\t\t<div class=\"elementor-element elementor-element-1f7ae6f elementor-widget elementor-widget-heading\" data-id=\"1f7ae6f\" data-element_type=\"widget\" data-widget_type=\"heading.default\">\n\t\t\t\t<div class=\"elementor-widget-container\">\n\t\t\t<h2 class=\"elementor-heading-title elementor-size-default\">AV Shunt Protektor f\u00fcr einen vorhandenen Shunt<\/h2>\t\t<\/div>\n\t\t\t\t<\/div>\n\t\t\t\t<div class=\"elementor-element elementor-element-5ee1280 hide_content elementor-widget elementor-widget-text-editor\" data-id=\"5ee1280\" data-element_type=\"widget\" data-widget_type=\"text-editor.default\">\n\t\t\t\t<div class=\"elementor-widget-container\">\n\t\t\t\t\t\t\t<p>wurde f\u00fcr Patienten entwickelt, die sich k\u00fcrzlich einen Shunt (AV-Fistel)-Operation unterzogen haben und Aneurysmen (Gef\u00e4\u00dfausbuchtungen) haben, die KLEINER ALS 1 CM sind.<\/p>\t\t\t\t\t\t<\/div>\n\t\t\t\t<\/div>\n\t\t\t\t\t<\/div>\n\t\t<\/div>\n\t\t\t\t\t\t\t<\/div>\n\t\t<\/section>\n\t\t\t\t\t<\/div>\n\t\t<\/div>\n\t\t\t\t<div class=\"elementor-column elementor-col-33 elementor-top-column elementor-element elementor-element-eb52335\" data-id=\"eb52335\" data-element_type=\"column\">\n\t\t\t<div class=\"elementor-widget-wrap elementor-element-populated\">\n\t\t\t\t\t\t\t\t<section data-ep-wrapper-link=\"{&quot;url&quot;:&quot;https:\\\/\\\/www.fistulaprotect.com\\\/better-life-with-dialysis\\\/&quot;,&quot;is_external&quot;:&quot;&quot;,&quot;nofollow&quot;:&quot;&quot;,&quot;custom_attributes&quot;:&quot;&quot;}\" style=\"cursor: pointer\" class=\"bdt-element-link elementor-section elementor-inner-section elementor-element elementor-element-1fb5115 elementor-section-boxed elementor-section-height-default elementor-section-height-default\" data-id=\"1fb5115\" data-element_type=\"section\" data-settings=\"{&quot;background_background&quot;:&quot;classic&quot;}\">\n\t\t\t\t\t\t<div class=\"elementor-container elementor-column-gap-default\">\n\t\t\t\t\t<div data-ep-wrapper-link=\"{&quot;url&quot;:&quot;https:\\\/\\\/www.fistulaprotect.com\\\/de\\\/leben-mit-dialyse\\\/&quot;,&quot;is_external&quot;:&quot;&quot;,&quot;nofollow&quot;:&quot;&quot;,&quot;custom_attributes&quot;:&quot;&quot;}\" style=\"cursor: pointer\" class=\"bdt-element-link elementor-column elementor-col-100 elementor-inner-column elementor-element elementor-element-acfeeab\" data-id=\"acfeeab\" data-element_type=\"column\">\n\t\t\t<div class=\"elementor-widget-wrap elementor-element-populated\">\n\t\t\t\t\t\t\t\t<div class=\"elementor-element elementor-element-67c487a elementor-widget elementor-widget-image\" data-id=\"67c487a\" data-element_type=\"widget\" data-widget_type=\"image.default\">\n\t\t\t\t<div class=\"elementor-widget-container\">\n\t\t\t\t\t\t\t\t\t\t\t\t\t\t\t<img decoding=\"async\" width=\"500\" height=\"500\" src=\"https:\/\/www.fistulaprotect.com\/wp-content\/uploads\/2023\/03\/lepotni-1.png\" class=\"attachment-full size-full wp-image-2907\" alt=\"\" srcset=\"https:\/\/www.fistulaprotect.com\/wp-content\/uploads\/2023\/03\/lepotni-1.png 500w, https:\/\/www.fistulaprotect.com\/wp-content\/uploads\/2023\/03\/lepotni-1-300x300.png 300w, https:\/\/www.fistulaprotect.com\/wp-content\/uploads\/2023\/03\/lepotni-1-150x150.png 150w, https:\/\/www.fistulaprotect.com\/wp-content\/uploads\/2023\/03\/lepotni-1-12x12.png 12w, https:\/\/www.fistulaprotect.com\/wp-content\/uploads\/2023\/03\/lepotni-1-100x100.png 100w\" sizes=\"(max-width: 500px) 100vw, 500px\" \/>\t\t\t\t\t\t\t\t\t\t\t\t\t\t\t<\/div>\n\t\t\t\t<\/div>\n\t\t\t\t<div class=\"elementor-element elementor-element-c75ee81 elementor-widget elementor-widget-heading\" data-id=\"c75ee81\" data-element_type=\"widget\" data-widget_type=\"heading.default\">\n\t\t\t\t<div class=\"elementor-widget-container\">\n\t\t\t<h2 class=\"elementor-heading-title elementor-size-default\">Dialyse Zubeh\u00f6r f\u00fcr eine bessere Lebensqualit\u00e4t<\/h2>\t\t<\/div>\n\t\t\t\t<\/div>\n\t\t\t\t<div class=\"elementor-element elementor-element-c70cd4c hide_content elementor-widget elementor-widget-text-editor\" data-id=\"c70cd4c\" data-element_type=\"widget\" data-widget_type=\"text-editor.default\">\n\t\t\t\t<div class=\"elementor-widget-container\">\n\t\t\t\t\t\t\t<p>Andere Produkte, die wir entwickelt haben, um die Lebensqualit\u00e4t von Personen, die sich einer Dialyse unterziehen, zu verbessern.<\/p>\t\t\t\t\t\t<\/div>\n\t\t\t\t<\/div>\n\t\t\t\t\t<\/div>\n\t\t<\/div>\n\t\t\t\t\t\t\t<\/div>\n\t\t<\/section>\n\t\t\t\t\t<\/div>\n\t\t<\/div>\n\t\t\t\t\t\t\t<\/div>\n\t\t<\/section>\n\t\t\t\t<section class=\"elementor-section elementor-top-section elementor-element elementor-element-1274682 elementor-section-boxed elementor-section-height-default elementor-section-height-default\" data-id=\"1274682\" data-element_type=\"section\">\n\t\t\t\t\t\t<div class=\"elementor-container elementor-column-gap-default\">\n\t\t\t\t\t<div class=\"elementor-column elementor-col-100 elementor-top-column elementor-element elementor-element-40d69a5\" data-id=\"40d69a5\" data-element_type=\"column\">\n\t\t\t<div class=\"elementor-widget-wrap elementor-element-populated\">\n\t\t\t\t\t\t\t\t<div class=\"elementor-element elementor-element-f11ba14 elementor-align-center elementor-widget elementor-widget-button\" data-id=\"f11ba14\" data-element_type=\"widget\" data-no-translation=\"\" data-widget_type=\"button.default\">\n\t\t\t\t<div class=\"elementor-widget-container\">\n\t\t\t\t\t<div class=\"elementor-button-wrapper\">\n\t\t\t<a class=\"elementor-button elementor-button-link elementor-size-lg\" href=\"#\">\n\t\t\t\t\t\t<span class=\"elementor-button-content-wrapper\">\n\t\t\t\t\t\t<span class=\"elementor-button-text\">ALLE PRODUKTE ANSEHEN<\/span>\n\t\t<\/span>\n\t\t\t\t\t<\/a>\n\t\t<\/div>\n\t\t\t\t<\/div>\n\t\t\t\t<\/div>\n\t\t\t\t\t<\/div>\n\t\t<\/div>\n\t\t\t\t\t\t\t<\/div>\n\t\t<\/section>\n\t\t\t\t\t\t\t<\/div>","protected":false},"excerpt":{"rendered":"<p>Store Protectors for new AV Fistula is designed for all patients who have recently undergone surgical AV fistula operation and have not yet developed aneurysms. Protectors for developed AV Fistula is costumized in a way to comfortably fit the unique shape of the AV fistula and is specifically designed for patients with pre-existing aneurysms. For [&hellip;]<\/p>\n","protected":false},"author":2,"featured_media":0,"parent":0,"menu_order":0,"comment_status":"closed","ping_status":"closed","template":"","meta":{"footnotes":""},"class_list":["post-2965","page","type-page","status-publish","hentry"],"_links":{"self":[{"href":"https:\/\/www.fistulaprotect.com\/de\/wp-json\/wp\/v2\/pages\/2965","targetHints":{"allow":["GET"]}}],"collection":[{"href":"https:\/\/www.fistulaprotect.com\/de\/wp-json\/wp\/v2\/pages"}],"about":[{"href":"https:\/\/www.fistulaprotect.com\/de\/wp-json\/wp\/v2\/types\/page"}],"author":[{"embeddable":true,"href":"https:\/\/www.fistulaprotect.com\/de\/wp-json\/wp\/v2\/users\/2"}],"replies":[{"embeddable":true,"href":"https:\/\/www.fistulaprotect.com\/de\/wp-json\/wp\/v2\/comments?post=2965"}],"version-history":[{"count":119,"href":"https:\/\/www.fistulaprotect.com\/de\/wp-json\/wp\/v2\/pages\/2965\/revisions"}],"predecessor-version":[{"id":4056,"href":"https:\/\/www.fistulaprotect.com\/de\/wp-json\/wp\/v2\/pages\/2965\/revisions\/4056"}],"wp:attachment":[{"href":"https:\/\/www.fistulaprotect.com\/de\/wp-json\/wp\/v2\/media?parent=2965"}],"curies":[{"name":"wp","href":"https:\/\/api.w.org\/{rel}","templated":true}]}}